{"id":95,"date":"2026-02-13T11:23:34","date_gmt":"2026-02-13T10:23:34","guid":{"rendered":"https:\/\/envtest.iterg.com\/?page_id=95"},"modified":"2026-03-09T14:01:30","modified_gmt":"2026-03-09T13:01:30","slug":"mentions-legales","status":"publish","type":"page","link":"https:\/\/envtest.iterg.com\/index.php\/mentions-legales\/","title":{"rendered":"Mentions l\u00e9gales"},"content":{"rendered":"<p>[et_pb_section fb_built=\u00a0\u00bb1&Prime; _builder_version=\u00a0\u00bb4.27.4&Prime; _module_preset=\u00a0\u00bbdefault\u00a0\u00bb custom_padding=\u00a0\u00bb40px||40px||true|false\u00a0\u00bb global_colors_info=\u00a0\u00bb{}\u00a0\u00bb theme_builder_area=\u00a0\u00bbpost_content\u00a0\u00bb][et_pb_row _builder_version=\u00a0\u00bb4.23.4&Prime; _module_preset=\u00a0\u00bbdefault\u00a0\u00bb custom_padding=\u00a0\u00bb0px||104px||false|false\u00a0\u00bb global_colors_info=\u00a0\u00bb{}\u00a0\u00bb theme_builder_area=\u00a0\u00bbpost_content\u00a0\u00bb][et_pb_column type=\u00a0\u00bb4_4&Prime; _builder_version=\u00a0\u00bb4.22.1&Prime; _module_preset=\u00a0\u00bbdefault\u00a0\u00bb global_colors_info=\u00a0\u00bb{}\u00a0\u00bb theme_builder_area=\u00a0\u00bbpost_content\u00a0\u00bb][et_pb_text background_color=\u00a0\u00bbrgba(142,142,142,0)\u00a0\u00bb width=\u00a0\u00bb81%\u00a0\u00bb text_text_color=\u00a0\u00bb#00414C\u00a0\u00bb text_font=\u00a0\u00bbSource Sans Pro|300|||||||\u00a0\u00bb header_2_font=\u00a0\u00bbSource-Sans-Pro|800|||||||\u00a0\u00bb header_2_text_color=\u00a0\u00bb#002e37&Prime; header_font=\u00a0\u00bbSource-Sans-Pro|900|||||||\u00a0\u00bb header_3_font=\u00a0\u00bbSource-Sans-Pro|600|||||||\u00a0\u00bb header_4_font=\u00a0\u00bbSource-Sans-Pro|500|||||||\u00a0\u00bb header_5_font=\u00a0\u00bbSource-Sans-Pro||||||||\u00a0\u00bb header_6_font=\u00a0\u00bbSource-Sans-Pro|300|||||||\u00a0\u00bb header_3_text_color=\u00a0\u00bb#00333c\u00a0\u00bb header_text_color=\u00a0\u00bb#002a31&Prime; header_4_text_color=\u00a0\u00bb#003842&Prime; header_5_text_color=\u00a0\u00bb#003c47&Prime; _builder_version=\u00a0\u00bb4.27.5&Prime; _module_preset=\u00a0\u00bb09793058-4547-4fab-a7aa-3e9287f9eac5&Prime; hover_enabled=\u00a0\u00bb0&Prime; global_colors_info=\u00a0\u00bb{}\u00a0\u00bb theme_builder_area=\u00a0\u00bbpost_content\u00a0\u00bb sticky_enabled=\u00a0\u00bb0&Prime;]<\/p>\n<h1><span><strong>Mentions l\u00e9gales<\/strong><\/span><\/h1>\n<p>[\/et_pb_text][et_pb_text background_color=\u00a0\u00bbrgba(142,142,142,0)\u00a0\u00bb width=\u00a0\u00bb81%\u00a0\u00bb text_text_color=\u00a0\u00bb#00414C\u00a0\u00bb text_font=\u00a0\u00bbSource Sans Pro|&#8211;et_global_body_font_weight|||||||\u00a0\u00bb header_2_font=\u00a0\u00bbSource-Sans-Pro|800|||||||\u00a0\u00bb header_2_text_color=\u00a0\u00bb#002e37&Prime; header_font=\u00a0\u00bbSource-Sans-Pro|900|||||||\u00a0\u00bb header_3_font=\u00a0\u00bbSource-Sans-Pro|600|||||||\u00a0\u00bb header_4_font=\u00a0\u00bbSource-Sans-Pro|500|||||||\u00a0\u00bb header_5_font=\u00a0\u00bbSource-Sans-Pro||||||||\u00a0\u00bb header_6_font=\u00a0\u00bbSource-Sans-Pro|300|||||||\u00a0\u00bb header_3_text_color=\u00a0\u00bb#00333c\u00a0\u00bb header_text_color=\u00a0\u00bb#002a31&Prime; header_4_text_color=\u00a0\u00bb#003842&Prime; header_5_text_color=\u00a0\u00bb#003c47&Prime; _builder_version=\u00a0\u00bb4.27.5&Prime; _module_preset=\u00a0\u00bb09793058-4547-4fab-a7aa-3e9287f9eac5&Prime; header_letter_spacing=\u00a0\u00bb0px\u00a0\u00bb header_line_height=\u00a0\u00bb1.1em\u00a0\u00bb header_2_font_size=\u00a0\u00bb24px\u00a0\u00bb header_3_font_size=\u00a0\u00bb18px\u00a0\u00bb hover_enabled=\u00a0\u00bb0&Prime; global_colors_info=\u00a0\u00bb{}\u00a0\u00bb theme_builder_area=\u00a0\u00bbpost_content\u00a0\u00bb sticky_enabled=\u00a0\u00bb0&Prime;]<\/p>\n<h2><strong>PR\u00c9SENTATION DU SITE<\/strong><\/h2>\n<p>En vertu de l\u2019article 6 de la loi n\u00b0 2004-575 du 21 juin 2004 pour la confiance dans l\u2019\u00e9conomie num\u00e9rique, nous pr\u00e9cision \u00e0 tous nos utilisateurs l\u2019identit\u00e9 des diff\u00e9rents intervenants dans le cadre de sa r\u00e9alisation et de son suivi :<\/p>\n<ul>\n<li>Editeur : ITERG<\/li>\n<li>11 rue Gaspard MONGE, <span>CS 20428,\u00a0 ZA Pessac-Can\u00e9jan <\/span><span>33612 Can\u00e9jan \u2013 CEDEX<\/span><\/li>\n<li>T\u00e9l : 05.56.36.00.44<\/li>\n<li>Email : iterg@iterg.com<\/li>\n<\/ul>\n<p>ITERG est un Centre Technique Industriel repr\u00e9sent\u00e9 par Monsieur Jean-David LEAO, en sa qualit\u00e9 de Directeur g\u00e9n\u00e9ral.<\/p>\n<ul>\n<li>SIRET : 77566488100122<\/li>\n<li>Code NAF : 7219Z<\/li>\n<li>N\u00b0 Op\u00e9rateur TVA : FR 60775664881<\/li>\n<\/ul>\n<p>Responsable publication : Madame Claudie GESTIN<\/p>\n<p>H\u00e9bergeur : Le site <a href=\"https:\/\/iterg.com\/\">www.iterg.com<\/a> est h\u00e9berg\u00e9 par OVH dont le si\u00e8ge social est situ\u00e9 : 2 rue Kellermann, 59100 Roubaix, France<\/p>\n<p>T\u00e9l : 1007<\/p>\n<h2><span><strong>CONDITIONS G\u00c9N\u00c9RALES D\u2019UTILISATION DU SITE ET DES SERVICES PROPOS\u00c9S<\/strong><\/span><\/h2>\n<p>L\u2019utilisation du site www.iterg.com implique l\u2019acceptation pleine et enti\u00e8re des conditions g\u00e9n\u00e9rales d\u2019utilisation ci-apr\u00e8s d\u00e9crites. Ces conditions d\u2019utilisation sont susceptibles d\u2019\u00eatre modifi\u00e9es ou compl\u00e9t\u00e9es \u00e0 tout moment. \u00c0 ce titre, les utilisateurs du site sont donc invit\u00e9s \u00e0 les consulter de mani\u00e8re r\u00e9guli\u00e8re.<br \/>Ce site est normalement accessible \u00e0 tout moment aux utilisateurs. Une interruption pour raison de maintenance technique peut \u00eatre toutefois d\u00e9cid\u00e9e par nos services Informatiques. Il s\u2019efforcera alors de communiquer pr\u00e9alablement aux utilisateurs les dates et heures de l\u2019intervention<\/p>\n<p>Le site www.iterg.com est mis \u00e0 jour r\u00e9guli\u00e8rement. De la m\u00eame fa\u00e7on, les mentions l\u00e9gales peuvent \u00eatre modifi\u00e9es \u00e0 tout moment. Elles s\u2019imposent \u00e0 l\u2019utilisateur qui est invit\u00e9 \u00e0 s\u2019y r\u00e9f\u00e9rer le plus souvent possible afin d\u2019en prendre connaissance.<\/p>\n<h2><strong>1. DESCRIPTION DES SERVICES FOURNIS<\/strong><\/h2>\n<p>Le site www.iterg.com a pour objet de fournir une information concernant l\u2019ensemble des activit\u00e9s de ITERG.<br \/>Notre \u00e9quipe s\u2019efforce de fournir sur le site des informations aussi pr\u00e9cises que possible. Toutefois, il ne pourra \u00eatre tenu responsable des omissions, des inexactitudes et des carences dans la mise \u00e0 jour. Ceci, qu\u2019elles soient de son fait ou du fait des tiers partenaires qui lui fournissent ces informations.<br \/>Toutes les informations indiqu\u00e9es sur le site sont donn\u00e9es \u00e0 titre indicatif, et sont susceptibles d\u2019\u00e9voluer. Par ailleurs, les renseignements figurant sur le site ne sont pas exhaustifs. Ils sont donn\u00e9s sous r\u00e9serve de modifications ayant \u00e9t\u00e9 apport\u00e9es depuis leur mise en ligne.<\/p>\n<h2><strong>2. LIMITATIONS CONTRACTUELLES SUR LES DONN\u00c9ES TECHNIQUES<\/strong><\/h2>\n<p>Le site Internet ne pourra \u00eatre tenu responsable de dommages mat\u00e9riels li\u00e9s \u00e0 l\u2019utilisation du site. De plus, l\u2019utilisateur du site s\u2019engage \u00e0 acc\u00e9der au site en utilisant un mat\u00e9riel r\u00e9cent, ne contenant pas de virus et avec un navigateur de derni\u00e8re g\u00e9n\u00e9ration mis-\u00e0-jour.<\/p>\n<p>Le t\u00e9l\u00e9chargement de mat\u00e9riels ou leur obtention de toute autre mani\u00e8re lors de l\u2019utilisation de notre Site sont sous votre enti\u00e8re responsabilit\u00e9. ITERG n\u2019assume aucune responsabilit\u00e9 pour un dommage ou un virus qui pourrait affecter votre ordinateur ou votre mat\u00e9riel informatique suite \u00e0 un acc\u00e8s ou une utilisation du Site ou un t\u00e9l\u00e9chargement d\u2019\u00e9l\u00e9ments du Site ou pour des interventions illicites dans les syst\u00e8mes informatiques.<\/p>\n<h2><strong>3. PROPRI\u00c9T\u00c9 INTELLECTUELLE ET CONTREFA\u00c7ONS<\/strong><\/h2>\n<p>3.1 Le contenu de notre site web et notamment, mais non exclusivement, les textes, marques, logos, graphiques, photographies, vid\u00e9os, sons, musiques, mises en page, designs, savoir-faire, technologies, produits et processus, sont la propri\u00e9t\u00e9 de ITERG ou de ses soci\u00e9t\u00e9s affili\u00e9es ou sont utilis\u00e9s avec l\u2019autorisation des propri\u00e9taires et \u00e0 ce titre sont prot\u00e9g\u00e9s par leurs droits d\u2019auteur, marque, brevet et tout autre droit de propri\u00e9t\u00e9 intellectuelle ou industrielle qui leur sont reconnus selon les lois en vigueur.<br \/>Except\u00e9 ce qui est pr\u00e9vu dans le point 3.2, aucun \u00e9l\u00e9ment de notre Site ne peut \u00eatre interpr\u00e9t\u00e9 comme accordant une licence ou un droit d\u2019usage d\u2019un \u00e9l\u00e9ment pr\u00e9sent\u00e9 sur ce m\u00eame Site.<\/p>\n<p>3.2 Vous pouvez t\u00e9l\u00e9charger, pr\u00e9senter ou imprimer le contenu du Site uniquement \u00e0 des fins personnelles et non commerciales et en conservant tout avis de droit d\u2019auteur ou autre avis de propri\u00e9t\u00e9 intellectuelle inclus dans l\u2019information ou le mat\u00e9riel que vous t\u00e9l\u00e9chargez. Toute autre utilisation, y compris la reproduction, la modification, la distribution, la transmission ou la diffusion du contenu du Site, en entier ou en partie, est formellement interdite sans l\u2019accord \u00e9crit pr\u00e9alable de ITERG.<br \/>Toute exploitation non autoris\u00e9e du site ou d\u2019un quelconque \u00e9l\u00e9ment qu\u2019il contient sera consid\u00e9r\u00e9e comme constitutive d\u2019une contrefa\u00e7on et poursuivie conform\u00e9ment aux dispositions des articles L.335-2 et suivants du Code de Propri\u00e9t\u00e9 Intellectuelle. ITERG ne garantit pas que votre utilisation d\u2019un \u00e9l\u00e9ment pr\u00e9sent sur le Site ne viole les droits de tiers.<\/p>\n<p><strong><\/strong><\/p>\n<h2><strong>4. LIMITATIONS DE RESPONSABILIT\u00c9<\/strong><\/h2>\n<p>ITERG ne pourra \u00eatre tenu responsable des dommages directs et indirects caus\u00e9s au mat\u00e9riel de l\u2019utilisateur, lors de l\u2019acc\u00e8s au site www.iterg.com, et r\u00e9sultant soit de l\u2019utilisation d\u2019un mat\u00e9riel ne r\u00e9pondant pas aux sp\u00e9cifications indiqu\u00e9es au point 2, soit de l\u2019apparition d\u2019un bug ou d\u2019une incompatibilit\u00e9.<br \/>ITERG ne pourra \u00e9galement \u00eatre tenu responsable des dommages indirects (tels par exemple qu\u2019une perte de march\u00e9 ou perte d\u2019une chance) cons\u00e9cutifs \u00e0 l\u2019utilisation du Site.<\/p>\n<p>Des espaces interactifs (possibilit\u00e9 de poser des questions dans l\u2019espace contact et les commentaires) sont \u00e0 la disposition des utilisateurs. ITERG se r\u00e9serve le droit de supprimer, sans mise en demeure pr\u00e9alable, tout contenu d\u00e9pos\u00e9 dans cet espace qui contreviendrait \u00e0 la l\u00e9gislation applicable en France, en particulier aux dispositions relatives \u00e0 la protection des donn\u00e9es. Le cas \u00e9ch\u00e9ant, ITERG se r\u00e9serve \u00e9galement la possibilit\u00e9 de mettre en cause la responsabilit\u00e9 civile et\/ou p\u00e9nale de l\u2019utilisateur, notamment en cas de message \u00e0 caract\u00e8re raciste, injurieux, diffamant, ou pornographique, quel que soit le support utilis\u00e9 (texte, photographie\u2026).<\/p>\n<p>Vous pouvez nous faire part d\u2019\u00e9ventuelles omissions, erreurs, corrections, \u00e0 l\u2019adresse suivante : <a href=\"mailto:webmaster@iterg.com\">webmaster@iterg.com<\/a>.<\/p>\n<p>&nbsp;<\/p>\n<h2><strong>5. LIENS HYPERTEXTES ET COOKIES<\/strong><\/h2>\n<p>Notre site web peut comporter des liens hypertextes vers d\u2019autres sites Internet qui ne sont ni exploit\u00e9s ni contr\u00f4l\u00e9s par ITERG. Ceux-ci ont \u00e9t\u00e9 mis en place avec l\u2019autorisation de la ITERG, qui n\u2019est pas responsable de ces sites et d\u00e9cline toute responsabilit\u00e9 quant \u00e0 leur contenu, l\u00e9galit\u00e9, exactitude ou fonctionnement.<br \/>La pr\u00e9sence de ces liens ne garantit pas la qualit\u00e9 du contenu et le bon fonctionnement de ces sites. Les utilisateurs doivent utiliser ces informations avec pr\u00e9caution.<br \/>La mise en place de liens hypertextes vers notre site par des utilisateurs est autoris\u00e9e, mais peut \u00eatre retir\u00e9e sur simple demande de l\u2019\u00e9diteur.<br \/>Pour en savoir plus sur la gestion des cookies, leur utilit\u00e9 et comment les supprimer consultez cet article : Lien vers la politique de cookies.<\/p>\n<p><strong><\/strong><\/p>\n<h2><strong>6. DROIT APPLICABLE ET ATTRIBUTION DE JURIDICTION<\/strong><\/h2>\n<p>Tout litige en relation avec l\u2019utilisation du site www.iterg.com est soumis au droit fran\u00e7ais. Il est fait attribution exclusive de juridiction aux tribunaux comp\u00e9tents de Paris.<\/p>\n<p><strong><\/strong><\/p>\n<h2><strong>7. LES PRINCIPALES LOIS CONCERN\u00c9ES<\/strong><\/h2>\n<p>Loi n\u00b0 78-17 du 6 janvier 1978, notamment modifi\u00e9e par la loi n\u00b0 2004-801 du 6 ao\u00fbt 2004 relative \u00e0 l\u2019informatique, aux fichiers et aux libert\u00e9s.<\/p>\n<p>Loi n\u00b0 2004-575 du 21 juin 2004 pour la confiance dans l\u2019\u00e9conomie num\u00e9rique, loi de transposition de la Directive du 12 juillet 2002 sur la protection de la vie priv\u00e9e dans le secteur des communications \u00e9lectroniques (Privacy and Electronic Communications Directive 2002) relative notamment aux cookies.<\/p>\n<p>R\u00e8glement UE 2016\/679 du Parlement europ\u00e9en et du Conseil du 27 avril 2016 relatif \u00e0 la protection des personnes physiques \u00e0 l\u2019\u00e9gard du traitement des donn\u00e9es \u00e0 caract\u00e8re personnel et \u00e0 la libre circulation de ces donn\u00e9es dite RGPD.<\/p>\n<p><strong><\/strong><\/p>\n<h2><strong>8. CR\u00c9DITS<\/strong><\/h2>\n<p>Cr\u00e9dits photos :<br \/>&#8211; ITERG<br \/>&#8211; <a originalsrc=\"https:\/\/savi-photographe-bordeaux.com\/\" data-auth=\"NotApplicable\" href=\"https:\/\/savi-photographe-bordeaux.com\/\" title=\"URL d'origine: https:\/\/savi-photographe-bordeaux.com\/. Cliquez ou appuyez si vous faites confiance \u00e0 ce lien.\" data-linkindex=\"2\" data-olk-copy-source=\"MessageBody\">Studio Tonelli &#8211; Photographe \u00e0 Bordeaux<\/a><br \/>&#8211; Adobe stock,<br \/>&#8211; Canva.<\/p>\n<h2><strong>NOUS CONTACTER<\/strong><\/h2>\n<p>Si vous avez des questions g\u00e9n\u00e9rales concernant le Site ou notre collecte et notre utilisation des informations vous concernant, veuillez nous contacter \u00e0 l\u2019adresse : RGPD@iterg.com<\/p>\n<p>Derni\u00e8re modification le 25\/04\/2023.<\/p>\n<p>[\/et_pb_text][\/et_pb_column][\/et_pb_row][\/et_pb_section]<\/p>\n","protected":false},"excerpt":{"rendered":"<p>Mentions l\u00e9galesPR\u00c9SENTATION DU SITE En vertu de l\u2019article 6 de la loi n\u00b0 2004-575 du 21 juin 2004 pour la confiance dans l\u2019\u00e9conomie num\u00e9rique, nous pr\u00e9cision \u00e0 tous nos utilisateurs l\u2019identit\u00e9 des diff\u00e9rents intervenants dans le cadre de sa r\u00e9alisation et de son suivi : Editeur : ITERG 11 rue Gaspard MONGE, CS 20428,\u00a0 ZA [&hellip;]<\/p>\n","protected":false},"author":1,"featured_media":0,"parent":0,"menu_order":0,"comment_status":"closed","ping_status":"closed","template":"","meta":{"_et_pb_use_builder":"on","_et_pb_old_content":"<!-- wp:divi\/placeholder \/-->","_et_gb_content_width":"","footnotes":""},"class_list":["post-95","page","type-page","status-publish","hentry"],"yoast_head":"<!-- This site is optimized with the Yoast SEO plugin v27.1.1 - https:\/\/yoast.com\/product\/yoast-seo-wordpress\/ -->\n<title>Mentions l\u00e9gales - WordPress<\/title>\n<meta name=\"robots\" content=\"index, follow, max-snippet:-1, max-image-preview:large, max-video-preview:-1\" \/>\n<link rel=\"canonical\" href=\"https:\/\/envtest.iterg.com\/index.php\/mentions-legales\/\" \/>\n<meta property=\"og:locale\" content=\"fr_FR\" \/>\n<meta property=\"og:type\" content=\"article\" \/>\n<meta property=\"og:title\" content=\"Mentions l\u00e9gales - WordPress\" \/>\n<meta property=\"og:description\" content=\"Mentions l\u00e9galesPR\u00c9SENTATION DU SITE En vertu de l\u2019article 6 de la loi n\u00b0 2004-575 du 21 juin 2004 pour la confiance dans l\u2019\u00e9conomie num\u00e9rique, nous pr\u00e9cision \u00e0 tous nos utilisateurs l\u2019identit\u00e9 des diff\u00e9rents intervenants dans le cadre de sa r\u00e9alisation et de son suivi : Editeur : ITERG 11 rue Gaspard MONGE, CS 20428,\u00a0 ZA [&hellip;]\" \/>\n<meta property=\"og:url\" content=\"https:\/\/envtest.iterg.com\/index.php\/mentions-legales\/\" \/>\n<meta property=\"og:site_name\" content=\"WordPress\" \/>\n<meta property=\"article:modified_time\" content=\"2026-03-09T13:01:30+00:00\" \/>\n<meta name=\"twitter:card\" content=\"summary_large_image\" \/>\n<meta name=\"twitter:label1\" content=\"Dur\u00e9e de lecture estim\u00e9e\" \/>\n\t<meta name=\"twitter:data1\" content=\"8 minutes\" \/>\n<script type=\"application\/ld+json\" class=\"yoast-schema-graph\">{\"@context\":\"https:\/\/schema.org\",\"@graph\":[{\"@type\":\"WebPage\",\"@id\":\"https:\/\/envtest.iterg.com\/index.php\/mentions-legales\/\",\"url\":\"https:\/\/envtest.iterg.com\/index.php\/mentions-legales\/\",\"name\":\"Mentions l\u00e9gales - WordPress\",\"isPartOf\":{\"@id\":\"https:\/\/envtest.iterg.com\/#website\"},\"datePublished\":\"2026-02-13T10:23:34+00:00\",\"dateModified\":\"2026-03-09T13:01:30+00:00\",\"breadcrumb\":{\"@id\":\"https:\/\/envtest.iterg.com\/index.php\/mentions-legales\/#breadcrumb\"},\"inLanguage\":\"fr-FR\",\"potentialAction\":[{\"@type\":\"ReadAction\",\"target\":[\"https:\/\/envtest.iterg.com\/index.php\/mentions-legales\/\"]}]},{\"@type\":\"BreadcrumbList\",\"@id\":\"https:\/\/envtest.iterg.com\/index.php\/mentions-legales\/#breadcrumb\",\"itemListElement\":[{\"@type\":\"ListItem\",\"position\":1,\"name\":\"Accueil\",\"item\":\"https:\/\/envtest.iterg.com\/\"},{\"@type\":\"ListItem\",\"position\":2,\"name\":\"Mentions l\u00e9gales\"}]},{\"@type\":\"WebSite\",\"@id\":\"https:\/\/envtest.iterg.com\/#website\",\"url\":\"https:\/\/envtest.iterg.com\/\",\"name\":\"ITERG\",\"description\":\"Avec les Prot\u00e9ines et les huiles v\u00e9g\u00e9tales s&#039;ouvre tout un champ des possibles.\",\"potentialAction\":[{\"@type\":\"SearchAction\",\"target\":{\"@type\":\"EntryPoint\",\"urlTemplate\":\"https:\/\/envtest.iterg.com\/?s={search_term_string}\"},\"query-input\":{\"@type\":\"PropertyValueSpecification\",\"valueRequired\":true,\"valueName\":\"search_term_string\"}}],\"inLanguage\":\"fr-FR\"}]}<\/script>\n<!-- \/ Yoast SEO plugin. -->","yoast_head_json":{"title":"Mentions l\u00e9gales - WordPress","robots":{"index":"index","follow":"follow","max-snippet":"max-snippet:-1","max-image-preview":"max-image-preview:large","max-video-preview":"max-video-preview:-1"},"canonical":"https:\/\/envtest.iterg.com\/index.php\/mentions-legales\/","og_locale":"fr_FR","og_type":"article","og_title":"Mentions l\u00e9gales - WordPress","og_description":"Mentions l\u00e9galesPR\u00c9SENTATION DU SITE En vertu de l\u2019article 6 de la loi n\u00b0 2004-575 du 21 juin 2004 pour la confiance dans l\u2019\u00e9conomie num\u00e9rique, nous pr\u00e9cision \u00e0 tous nos utilisateurs l\u2019identit\u00e9 des diff\u00e9rents intervenants dans le cadre de sa r\u00e9alisation et de son suivi : Editeur : ITERG 11 rue Gaspard MONGE, CS 20428,\u00a0 ZA [&hellip;]","og_url":"https:\/\/envtest.iterg.com\/index.php\/mentions-legales\/","og_site_name":"WordPress","article_modified_time":"2026-03-09T13:01:30+00:00","twitter_card":"summary_large_image","twitter_misc":{"Dur\u00e9e de lecture estim\u00e9e":"8 minutes"},"schema":{"@context":"https:\/\/schema.org","@graph":[{"@type":"WebPage","@id":"https:\/\/envtest.iterg.com\/index.php\/mentions-legales\/","url":"https:\/\/envtest.iterg.com\/index.php\/mentions-legales\/","name":"Mentions l\u00e9gales - WordPress","isPartOf":{"@id":"https:\/\/envtest.iterg.com\/#website"},"datePublished":"2026-02-13T10:23:34+00:00","dateModified":"2026-03-09T13:01:30+00:00","breadcrumb":{"@id":"https:\/\/envtest.iterg.com\/index.php\/mentions-legales\/#breadcrumb"},"inLanguage":"fr-FR","potentialAction":[{"@type":"ReadAction","target":["https:\/\/envtest.iterg.com\/index.php\/mentions-legales\/"]}]},{"@type":"BreadcrumbList","@id":"https:\/\/envtest.iterg.com\/index.php\/mentions-legales\/#breadcrumb","itemListElement":[{"@type":"ListItem","position":1,"name":"Accueil","item":"https:\/\/envtest.iterg.com\/"},{"@type":"ListItem","position":2,"name":"Mentions l\u00e9gales"}]},{"@type":"WebSite","@id":"https:\/\/envtest.iterg.com\/#website","url":"https:\/\/envtest.iterg.com\/","name":"ITERG","description":"Avec les Prot\u00e9ines et les huiles v\u00e9g\u00e9tales s&#039;ouvre tout un champ des possibles.","potentialAction":[{"@type":"SearchAction","target":{"@type":"EntryPoint","urlTemplate":"https:\/\/envtest.iterg.com\/?s={search_term_string}"},"query-input":{"@type":"PropertyValueSpecification","valueRequired":true,"valueName":"search_term_string"}}],"inLanguage":"fr-FR"}]}},"_links":{"self":[{"href":"https:\/\/envtest.iterg.com\/index.php\/wp-json\/wp\/v2\/pages\/95","targetHints":{"allow":["GET"]}}],"collection":[{"href":"https:\/\/envtest.iterg.com\/index.php\/wp-json\/wp\/v2\/pages"}],"about":[{"href":"https:\/\/envtest.iterg.com\/index.php\/wp-json\/wp\/v2\/types\/page"}],"author":[{"embeddable":true,"href":"https:\/\/envtest.iterg.com\/index.php\/wp-json\/wp\/v2\/users\/1"}],"replies":[{"embeddable":true,"href":"https:\/\/envtest.iterg.com\/index.php\/wp-json\/wp\/v2\/comments?post=95"}],"version-history":[{"count":3,"href":"https:\/\/envtest.iterg.com\/index.php\/wp-json\/wp\/v2\/pages\/95\/revisions"}],"predecessor-version":[{"id":1366,"href":"https:\/\/envtest.iterg.com\/index.php\/wp-json\/wp\/v2\/pages\/95\/revisions\/1366"}],"wp:attachment":[{"href":"https:\/\/envtest.iterg.com\/index.php\/wp-json\/wp\/v2\/media?parent=95"}],"curies":[{"name":"wp","href":"https:\/\/api.w.org\/{rel}","templated":true}]}}